{"id":2864,"date":"2020-12-18T15:38:47","date_gmt":"2020-12-18T14:38:47","guid":{"rendered":"https:\/\/deconinck.be\/?page_id=2864"},"modified":"2021-03-01T10:16:15","modified_gmt":"2021-03-01T09:16:15","slug":"stoomgenerator-vaporax-deconinck","status":"publish","type":"page","link":"https:\/\/deconinck.be\/fr\/stoomgenerator-vaporax-deconinck\/","title":{"rendered":"G\u00e9n\u00e9rateur de Vapeur Vaporax\u00ae Deconinck"},"content":{"rendered":"<div data-elementor-type=\"wp-page\" data-elementor-id=\"2864\" class=\"elementor elementor-2864\">\n\t\t\t\t\t\t<section class=\"elementor-section elementor-top-section elementor-element elementor-element-5c77bab9 elementor-section-boxed elementor-section-height-default elementor-section-height-default\" data-id=\"5c77bab9\" data-element_type=\"section\" data-e-type=\"section\">\n\t\t\t\t\t\t<div class=\"elementor-container elementor-column-gap-default\">\n\t\t\t\t\t<div class=\"elementor-column elementor-col-100 elementor-top-column elementor-element elementor-element-106ee386\" data-id=\"106ee386\" data-element_type=\"column\" data-e-type=\"column\">\n\t\t\t<div class=\"elementor-widget-wrap elementor-element-populated\">\n\t\t\t\t\t\t<div class=\"elementor-element elementor-element-be61de0 elementor-widget elementor-widget-spacer\" data-id=\"be61de0\" data-element_type=\"widget\" data-e-type=\"widget\" data-widget_type=\"spacer.default\">\n\t\t\t\t<div class=\"elementor-widget-container\">\n\t\t\t\t\t\t\t<div class=\"elementor-spacer\">\n\t\t\t<div class=\"elementor-spacer-inner\"><\/div>\n\t\t<\/div>\n\t\t\t\t\t\t<\/div>\n\t\t\t\t<\/div>\n\t\t\t\t<div class=\"elementor-element elementor-element-5e8846bd elementor-widget elementor-widget-text-editor\" data-id=\"5e8846bd\" data-element_type=\"widget\" data-e-type=\"widget\" data-widget_type=\"text-editor.default\">\n\t\t\t\t<div class=\"elementor-widget-container\">\n\t\t\t\t\t\t\t\t\t<h2 style=\"text-align: center;\">Vaporax\u00ae Deconinck-Wanson<\/h2>\t\t\t\t\t\t\t\t<\/div>\n\t\t\t\t<\/div>\n\t\t\t\t\t<\/div>\n\t\t<\/div>\n\t\t\t\t\t<\/div>\n\t\t<\/section>\n\t\t\t\t<section class=\"elementor-section elementor-top-section elementor-element elementor-element-0a93401 elementor-section-boxed elementor-section-height-default elementor-section-height-default\" data-id=\"0a93401\" data-element_type=\"section\" data-e-type=\"section\">\n\t\t\t\t\t\t<div class=\"elementor-container elementor-column-gap-default\">\n\t\t\t\t\t<div class=\"elementor-column elementor-col-50 elementor-top-column elementor-element elementor-element-cc4cd97\" data-id=\"cc4cd97\" data-element_type=\"column\" data-e-type=\"column\">\n\t\t\t<div class=\"elementor-widget-wrap elementor-element-populated\">\n\t\t\t\t\t\t<div class=\"elementor-element elementor-element-3e4022c elementor-widget elementor-widget-image\" data-id=\"3e4022c\" data-element_type=\"widget\" data-e-type=\"widget\" data-widget_type=\"image.default\">\n\t\t\t\t<div class=\"elementor-widget-container\">\n\t\t\t\t\t\t\t\t\t\t\t\t\t\t\t<img fetchpriority=\"high\" decoding=\"async\" data-attachment-id=\"2584\" data-permalink=\"https:\/\/deconinck.be\/fr\/30\/\" data-orig-file=\"https:\/\/i0.wp.com\/deconinck.be\/wp-content\/uploads\/2020\/02\/30.jpg?fit=1732%2C1154&amp;ssl=1\" data-orig-size=\"1732,1154\" data-comments-opened=\"1\" data-image-meta=\"{&quot;aperture&quot;:&quot;0&quot;,&quot;credit&quot;:&quot;&quot;,&quot;camera&quot;:&quot;&quot;,&quot;caption&quot;:&quot;&quot;,&quot;created_timestamp&quot;:&quot;1554474276&quot;,&quot;copyright&quot;:&quot;&quot;,&quot;focal_length&quot;:&quot;0&quot;,&quot;iso&quot;:&quot;0&quot;,&quot;shutter_speed&quot;:&quot;0&quot;,&quot;title&quot;:&quot;&quot;,&quot;orientation&quot;:&quot;1&quot;}\" data-image-title=\"30\" data-image-description=\"\" data-image-caption=\"\" data-medium-file=\"https:\/\/i0.wp.com\/deconinck.be\/wp-content\/uploads\/2020\/02\/30.jpg?fit=300%2C200&amp;ssl=1\" data-large-file=\"https:\/\/i0.wp.com\/deconinck.be\/wp-content\/uploads\/2020\/02\/30.jpg?fit=1024%2C682&amp;ssl=1\" width=\"1024\" height=\"682\" src=\"https:\/\/i0.wp.com\/deconinck.be\/wp-content\/uploads\/2020\/02\/30.jpg?fit=1024%2C682&amp;ssl=1\" class=\"attachment-large size-large wp-image-2584\" alt=\"\" srcset=\"https:\/\/i0.wp.com\/deconinck.be\/wp-content\/uploads\/2020\/02\/30.jpg?w=1732&amp;ssl=1 1732w, https:\/\/i0.wp.com\/deconinck.be\/wp-content\/uploads\/2020\/02\/30.jpg?resize=300%2C200&amp;ssl=1 300w, https:\/\/i0.wp.com\/deconinck.be\/wp-content\/uploads\/2020\/02\/30.jpg?resize=1024%2C682&amp;ssl=1 1024w, https:\/\/i0.wp.com\/deconinck.be\/wp-content\/uploads\/2020\/02\/30.jpg?resize=768%2C512&amp;ssl=1 768w, https:\/\/i0.wp.com\/deconinck.be\/wp-content\/uploads\/2020\/02\/30.jpg?resize=1536%2C1023&amp;ssl=1 1536w, https:\/\/i0.wp.com\/deconinck.be\/wp-content\/uploads\/2020\/02\/30.jpg?resize=1200%2C800&amp;ssl=1 1200w\" sizes=\"(max-width: 1024px) 100vw, 1024px\" \/>\t\t\t\t\t\t\t\t\t\t\t\t\t\t\t<\/div>\n\t\t\t\t<\/div>\n\t\t\t\t\t<\/div>\n\t\t<\/div>\n\t\t\t\t<div class=\"elementor-column elementor-col-50 elementor-top-column elementor-element elementor-element-4a1efb1\" data-id=\"4a1efb1\" data-element_type=\"column\" data-e-type=\"column\">\n\t\t\t<div class=\"elementor-widget-wrap elementor-element-populated\">\n\t\t\t\t\t\t<div class=\"elementor-element elementor-element-bfb6c6c elementor-widget elementor-widget-text-editor\" data-id=\"bfb6c6c\" data-element_type=\"widget\" data-e-type=\"widget\" data-widget_type=\"text-editor.default\">\n\t\t\t\t<div class=\"elementor-widget-container\">\n\t\t\t\t\t\t\t\t\t<p>Le g\u00e9n\u00e9rateur de vapeur VAPORAX de Deconinck-Wanson fournit un d\u00e9bit de vapeur de 150kg\/h \u00e0 8.000kg\/h.<\/p><p>Un g\u00e9n\u00e9rateur VAPORAX ne contient qu'une petite quantit\u00e9 d'eau. Cela permet de r\u00e9duire les pertes de chaleur tant en fonctionnement normal qu'en veille. Le g\u00e9n\u00e9rateur de vapeur est constitu\u00e9 d'un tube en spirale dans lequel l'eau est transform\u00e9e en vapeur. Les serpetins (spiral\u00e9) sont fabriqu\u00e9s chez nous. Ceci est compl\u00e8tement unique en Belgique. L'efficacit\u00e9 thermique r\u00e9pond aux normes europ\u00e9ennes les plus strictes.<\/p><p>Le principaux avantages d'un VAPORAX sont:<\/p><ul><li>D\u00e9marrage et production de vapeur tr\u00e8s rapides<\/li><li>Surface de construction minimale<\/li><li>Peu de d\u00e9p\u00f4ts dans la spirale<\/li><li>S\u00e9parateur d'eau \u00e0 la sortie pour obtenir une vapeur de haute qualit\u00e9<\/li><li>Moins cher que la STEAMBLOC<\/li><\/ul><p>L'inconv\u00e9nient d'un VAPORAX par rapport \u00e0 nos chaudi\u00e8res STEAMBLOC est l'absence de tampon de vapeur. Le VAPORAX n'est donc pas adapt\u00e9 aux grands pics de vapeur.<\/p>\t\t\t\t\t\t\t\t<\/div>\n\t\t\t\t<\/div>\n\t\t\t\t\t<\/div>\n\t\t<\/div>\n\t\t\t\t\t<\/div>\n\t\t<\/section>\n\t\t\t\t<\/div>","protected":false},"excerpt":{"rendered":"<p>Vaporax\u00ae Deconinck-Wanson De Deconinck-Wanson VAPORAX stoomgenerator levert een stoomdebiet van 150 kg\/h tot 8.000 kg\/h. Een VAPORAX generator bevat slechts een kleine hoeveelheid water. Dit resulteert in een lager warmteverlies zowel tijdens de normale werking als in stand-by. De stoomgenerator bestaat uit een spiraalvormige buis waarin het water wordt omgezet in stoom. De pijpslangen (spiraal) [&hellip;]<\/p>\n","protected":false},"author":176138739,"featured_media":0,"parent":0,"menu_order":0,"comment_status":"closed","ping_status":"closed","template":"page-template\/blank-page-sidebar.php","meta":{"_coblocks_attr":"","_coblocks_dimensions":"","_coblocks_responsive_height":"","_coblocks_accordion_ie_support":"","_crdt_document":"","jetpack_post_was_ever_published":false,"footnotes":""},"class_list":["post-2864","page","type-page","status-publish","hentry"],"yoast_head":"<!-- This site is optimized with the Yoast SEO plugin v27.3 - https:\/\/yoast.com\/product\/yoast-seo-wordpress\/ -->\n<title>Vaporax\u00ae Stoomgenerator Deconinck - Deconinck<\/title>\n<meta name=\"robots\" content=\"index, follow, max-snippet:-1, max-image-preview:large, max-video-preview:-1\" \/>\n<link rel=\"canonical\" href=\"https:\/\/deconinck.be\/fr\/stoomgenerator-vaporax-deconinck\/\" \/>\n<meta property=\"og:locale\" content=\"fr_FR\" \/>\n<meta property=\"og:type\" content=\"article\" \/>\n<meta property=\"og:title\" content=\"Vaporax\u00ae Stoomgenerator Deconinck - Deconinck\" \/>\n<meta property=\"og:description\" content=\"Vaporax\u00ae Deconinck-Wanson De Deconinck-Wanson VAPORAX stoomgenerator levert een stoomdebiet van 150 kg\/h tot 8.000 kg\/h. Een VAPORAX generator bevat slechts een kleine hoeveelheid water. Dit resulteert in een lager warmteverlies zowel tijdens de normale werking als in stand-by. De stoomgenerator bestaat uit een spiraalvormige buis waarin het water wordt omgezet in stoom. De pijpslangen (spiraal) [&hellip;]\" \/>\n<meta property=\"og:url\" content=\"https:\/\/deconinck.be\/fr\/stoomgenerator-vaporax-deconinck\/\" \/>\n<meta property=\"og:site_name\" content=\"Deconinck\" \/>\n<meta property=\"article:publisher\" content=\"https:\/\/www.facebook.com\/DeconinckWanson\/\" \/>\n<meta property=\"article:modified_time\" content=\"2021-03-01T09:16:15+00:00\" \/>\n<meta property=\"og:image\" content=\"https:\/\/deconinck.be\/wp-content\/uploads\/2020\/02\/30-1024x682.jpg\" \/>\n<meta name=\"twitter:card\" content=\"summary_large_image\" \/>\n<meta name=\"twitter:label1\" content=\"Dur\u00e9e de lecture estim\u00e9e\" \/>\n\t<meta name=\"twitter:data1\" content=\"1 minute\" \/>\n<script type=\"application\/ld+json\" class=\"yoast-schema-graph\">{\"@context\":\"https:\\\/\\\/schema.org\",\"@graph\":[{\"@type\":\"WebPage\",\"@id\":\"https:\\\/\\\/deconinck.be\\\/stoomgenerator-vaporax-deconinck\\\/\",\"url\":\"https:\\\/\\\/deconinck.be\\\/stoomgenerator-vaporax-deconinck\\\/\",\"name\":\"Vaporax\u00ae Stoomgenerator Deconinck - Deconinck\",\"isPartOf\":{\"@id\":\"https:\\\/\\\/deconinck.be\\\/#website\"},\"primaryImageOfPage\":{\"@id\":\"https:\\\/\\\/deconinck.be\\\/stoomgenerator-vaporax-deconinck\\\/#primaryimage\"},\"image\":{\"@id\":\"https:\\\/\\\/deconinck.be\\\/stoomgenerator-vaporax-deconinck\\\/#primaryimage\"},\"thumbnailUrl\":\"https:\\\/\\\/deconinck.be\\\/wp-content\\\/uploads\\\/2020\\\/02\\\/30-1024x682.jpg\",\"datePublished\":\"2020-12-18T14:38:47+00:00\",\"dateModified\":\"2021-03-01T09:16:15+00:00\",\"breadcrumb\":{\"@id\":\"https:\\\/\\\/deconinck.be\\\/stoomgenerator-vaporax-deconinck\\\/#breadcrumb\"},\"inLanguage\":\"fr-FR\",\"potentialAction\":[{\"@type\":\"ReadAction\",\"target\":[\"https:\\\/\\\/deconinck.be\\\/stoomgenerator-vaporax-deconinck\\\/\"]}]},{\"@type\":\"ImageObject\",\"inLanguage\":\"fr-FR\",\"@id\":\"https:\\\/\\\/deconinck.be\\\/stoomgenerator-vaporax-deconinck\\\/#primaryimage\",\"url\":\"https:\\\/\\\/deconinck.be\\\/wp-content\\\/uploads\\\/2020\\\/02\\\/30-1024x682.jpg\",\"contentUrl\":\"https:\\\/\\\/deconinck.be\\\/wp-content\\\/uploads\\\/2020\\\/02\\\/30-1024x682.jpg\"},{\"@type\":\"BreadcrumbList\",\"@id\":\"https:\\\/\\\/deconinck.be\\\/stoomgenerator-vaporax-deconinck\\\/#breadcrumb\",\"itemListElement\":[{\"@type\":\"ListItem\",\"position\":1,\"name\":\"Home\",\"item\":\"https:\\\/\\\/deconinck.be\\\/\"},{\"@type\":\"ListItem\",\"position\":2,\"name\":\"Vaporax\u00ae Stoomgenerator Deconinck\"}]},{\"@type\":\"WebSite\",\"@id\":\"https:\\\/\\\/deconinck.be\\\/#website\",\"url\":\"https:\\\/\\\/deconinck.be\\\/\",\"name\":\"Deconinck\",\"description\":\"We Excel Under Pressure\",\"publisher\":{\"@id\":\"https:\\\/\\\/deconinck.be\\\/#organization\"},\"potentialAction\":[{\"@type\":\"SearchAction\",\"target\":{\"@type\":\"EntryPoint\",\"urlTemplate\":\"https:\\\/\\\/deconinck.be\\\/?s={search_term_string}\"},\"query-input\":{\"@type\":\"PropertyValueSpecification\",\"valueRequired\":true,\"valueName\":\"search_term_string\"}}],\"inLanguage\":\"fr-FR\"},{\"@type\":\"Organization\",\"@id\":\"https:\\\/\\\/deconinck.be\\\/#organization\",\"name\":\"Deconinck NV\",\"url\":\"https:\\\/\\\/deconinck.be\\\/\",\"logo\":{\"@type\":\"ImageObject\",\"inLanguage\":\"fr-FR\",\"@id\":\"https:\\\/\\\/deconinck.be\\\/#\\\/schema\\\/logo\\\/image\\\/\",\"url\":\"https:\\\/\\\/i0.wp.com\\\/deconinck.be\\\/wp-content\\\/uploads\\\/2019\\\/12\\\/lg_deconinck_wanson_RGB_72.jpg?fit=591%2C591&ssl=1\",\"contentUrl\":\"https:\\\/\\\/i0.wp.com\\\/deconinck.be\\\/wp-content\\\/uploads\\\/2019\\\/12\\\/lg_deconinck_wanson_RGB_72.jpg?fit=591%2C591&ssl=1\",\"width\":591,\"height\":591,\"caption\":\"Deconinck NV\"},\"image\":{\"@id\":\"https:\\\/\\\/deconinck.be\\\/#\\\/schema\\\/logo\\\/image\\\/\"},\"sameAs\":[\"https:\\\/\\\/www.facebook.com\\\/DeconinckWanson\\\/\",\"https:\\\/\\\/www.linkedin.com\\\/company\\\/11133549\\\/\"]}]}<\/script>\n<!-- \/ Yoast SEO plugin. -->","yoast_head_json":{"title":"Vaporax\u00ae Stoomgenerator Deconinck - Deconinck","robots":{"index":"index","follow":"follow","max-snippet":"max-snippet:-1","max-image-preview":"max-image-preview:large","max-video-preview":"max-video-preview:-1"},"canonical":"https:\/\/deconinck.be\/fr\/stoomgenerator-vaporax-deconinck\/","og_locale":"fr_FR","og_type":"article","og_title":"Vaporax\u00ae Stoomgenerator Deconinck - Deconinck","og_description":"Vaporax\u00ae Deconinck-Wanson De Deconinck-Wanson VAPORAX stoomgenerator levert een stoomdebiet van 150 kg\/h tot 8.000 kg\/h. Een VAPORAX generator bevat slechts een kleine hoeveelheid water. Dit resulteert in een lager warmteverlies zowel tijdens de normale werking als in stand-by. De stoomgenerator bestaat uit een spiraalvormige buis waarin het water wordt omgezet in stoom. De pijpslangen (spiraal) [&hellip;]","og_url":"https:\/\/deconinck.be\/fr\/stoomgenerator-vaporax-deconinck\/","og_site_name":"Deconinck","article_publisher":"https:\/\/www.facebook.com\/DeconinckWanson\/","article_modified_time":"2021-03-01T09:16:15+00:00","og_image":[{"url":"https:\/\/deconinck.be\/wp-content\/uploads\/2020\/02\/30-1024x682.jpg","type":"","width":"","height":""}],"twitter_card":"summary_large_image","twitter_misc":{"Dur\u00e9e de lecture estim\u00e9e":"1 minute"},"schema":{"@context":"https:\/\/schema.org","@graph":[{"@type":"WebPage","@id":"https:\/\/deconinck.be\/stoomgenerator-vaporax-deconinck\/","url":"https:\/\/deconinck.be\/stoomgenerator-vaporax-deconinck\/","name":"Vaporax\u00ae Stoomgenerator Deconinck - Deconinck","isPartOf":{"@id":"https:\/\/deconinck.be\/#website"},"primaryImageOfPage":{"@id":"https:\/\/deconinck.be\/stoomgenerator-vaporax-deconinck\/#primaryimage"},"image":{"@id":"https:\/\/deconinck.be\/stoomgenerator-vaporax-deconinck\/#primaryimage"},"thumbnailUrl":"https:\/\/deconinck.be\/wp-content\/uploads\/2020\/02\/30-1024x682.jpg","datePublished":"2020-12-18T14:38:47+00:00","dateModified":"2021-03-01T09:16:15+00:00","breadcrumb":{"@id":"https:\/\/deconinck.be\/stoomgenerator-vaporax-deconinck\/#breadcrumb"},"inLanguage":"fr-FR","potentialAction":[{"@type":"ReadAction","target":["https:\/\/deconinck.be\/stoomgenerator-vaporax-deconinck\/"]}]},{"@type":"ImageObject","inLanguage":"fr-FR","@id":"https:\/\/deconinck.be\/stoomgenerator-vaporax-deconinck\/#primaryimage","url":"https:\/\/deconinck.be\/wp-content\/uploads\/2020\/02\/30-1024x682.jpg","contentUrl":"https:\/\/deconinck.be\/wp-content\/uploads\/2020\/02\/30-1024x682.jpg"},{"@type":"BreadcrumbList","@id":"https:\/\/deconinck.be\/stoomgenerator-vaporax-deconinck\/#breadcrumb","itemListElement":[{"@type":"ListItem","position":1,"name":"Home","item":"https:\/\/deconinck.be\/"},{"@type":"ListItem","position":2,"name":"Vaporax\u00ae Stoomgenerator Deconinck"}]},{"@type":"WebSite","@id":"https:\/\/deconinck.be\/#website","url":"https:\/\/deconinck.be\/","name":"Deconinck","description":"We Excel Under Pressure","publisher":{"@id":"https:\/\/deconinck.be\/#organization"},"potentialAction":[{"@type":"SearchAction","target":{"@type":"EntryPoint","urlTemplate":"https:\/\/deconinck.be\/?s={search_term_string}"},"query-input":{"@type":"PropertyValueSpecification","valueRequired":true,"valueName":"search_term_string"}}],"inLanguage":"fr-FR"},{"@type":"Organization","@id":"https:\/\/deconinck.be\/#organization","name":"Deconinck NV","url":"https:\/\/deconinck.be\/","logo":{"@type":"ImageObject","inLanguage":"fr-FR","@id":"https:\/\/deconinck.be\/#\/schema\/logo\/image\/","url":"https:\/\/i0.wp.com\/deconinck.be\/wp-content\/uploads\/2019\/12\/lg_deconinck_wanson_RGB_72.jpg?fit=591%2C591&ssl=1","contentUrl":"https:\/\/i0.wp.com\/deconinck.be\/wp-content\/uploads\/2019\/12\/lg_deconinck_wanson_RGB_72.jpg?fit=591%2C591&ssl=1","width":591,"height":591,"caption":"Deconinck NV"},"image":{"@id":"https:\/\/deconinck.be\/#\/schema\/logo\/image\/"},"sameAs":["https:\/\/www.facebook.com\/DeconinckWanson\/","https:\/\/www.linkedin.com\/company\/11133549\/"]}]}},"jetpack_likes_enabled":true,"jetpack_sharing_enabled":true,"jetpack_shortlink":"https:\/\/wp.me\/PbuMWv-Kc","amp_enabled":false,"_links":{"self":[{"href":"https:\/\/deconinck.be\/fr\/wp-json\/wp\/v2\/pages\/2864","targetHints":{"allow":["GET"]}}],"collection":[{"href":"https:\/\/deconinck.be\/fr\/wp-json\/wp\/v2\/pages"}],"about":[{"href":"https:\/\/deconinck.be\/fr\/wp-json\/wp\/v2\/types\/page"}],"author":[{"embeddable":true,"href":"https:\/\/deconinck.be\/fr\/wp-json\/wp\/v2\/users\/176138739"}],"replies":[{"embeddable":true,"href":"https:\/\/deconinck.be\/fr\/wp-json\/wp\/v2\/comments?post=2864"}],"version-history":[{"count":17,"href":"https:\/\/deconinck.be\/fr\/wp-json\/wp\/v2\/pages\/2864\/revisions"}],"predecessor-version":[{"id":3049,"href":"https:\/\/deconinck.be\/fr\/wp-json\/wp\/v2\/pages\/2864\/revisions\/3049"}],"wp:attachment":[{"href":"https:\/\/deconinck.be\/fr\/wp-json\/wp\/v2\/media?parent=2864"}],"curies":[{"name":"wp","href":"https:\/\/api.w.org\/{rel}","templated":true}]}}