{"id":2850,"date":"2020-12-18T15:30:09","date_gmt":"2020-12-18T14:30:09","guid":{"rendered":"https:\/\/deconinck.be\/?page_id=2850"},"modified":"2021-03-05T16:40:55","modified_gmt":"2021-03-05T15:40:55","slug":"stoomketel-steambloc-deconinck","status":"publish","type":"page","link":"https:\/\/deconinck.be\/fr\/stoomketel-steambloc-deconinck\/","title":{"rendered":"Chaudi\u00e8re \u00e0 Vapeur Steambloc\u00ae Deconinck"},"content":{"rendered":"<div data-elementor-type=\"wp-page\" data-elementor-id=\"2850\" class=\"elementor elementor-2850\">\n\t\t\t\t\t\t<section class=\"elementor-section elementor-top-section elementor-element elementor-element-66a52ef3 elementor-section-boxed elementor-section-height-default elementor-section-height-default\" data-id=\"66a52ef3\" data-element_type=\"section\" data-e-type=\"section\">\n\t\t\t\t\t\t<div class=\"elementor-container elementor-column-gap-default\">\n\t\t\t\t\t<div class=\"elementor-column elementor-col-100 elementor-top-column elementor-element elementor-element-683f9f04\" data-id=\"683f9f04\" data-element_type=\"column\" data-e-type=\"column\">\n\t\t\t<div class=\"elementor-widget-wrap elementor-element-populated\">\n\t\t\t\t\t\t<div class=\"elementor-element elementor-element-6b58358 elementor-widget elementor-widget-spacer\" data-id=\"6b58358\" data-element_type=\"widget\" data-e-type=\"widget\" data-widget_type=\"spacer.default\">\n\t\t\t\t<div class=\"elementor-widget-container\">\n\t\t\t\t\t\t\t<div class=\"elementor-spacer\">\n\t\t\t<div class=\"elementor-spacer-inner\"><\/div>\n\t\t<\/div>\n\t\t\t\t\t\t<\/div>\n\t\t\t\t<\/div>\n\t\t\t\t<div class=\"elementor-element elementor-element-72cd4046 elementor-widget elementor-widget-text-editor\" data-id=\"72cd4046\" data-element_type=\"widget\" data-e-type=\"widget\" data-widget_type=\"text-editor.default\">\n\t\t\t\t<div class=\"elementor-widget-container\">\n\t\t\t\t\t\t\t\t\t<h2 style=\"text-align: center;\">Steambloc\u00ae Deconinck-Wanson<\/h2><figure><img fetchpriority=\"high\" decoding=\"async\" data-attachment-id=\"2791\" data-permalink=\"https:\/\/deconinck.be\/fr\/img_20191224_132405\/\" data-orig-file=\"https:\/\/i0.wp.com\/deconinck.be\/wp-content\/uploads\/2020\/09\/IMG_20191224_132405.jpg?fit=577%2C433&amp;ssl=1\" data-orig-size=\"577,433\" data-comments-opened=\"1\" data-image-meta=\"{&quot;aperture&quot;:&quot;0&quot;,&quot;credit&quot;:&quot;&quot;,&quot;camera&quot;:&quot;&quot;,&quot;caption&quot;:&quot;&quot;,&quot;created_timestamp&quot;:&quot;1577193847&quot;,&quot;copyright&quot;:&quot;&quot;,&quot;focal_length&quot;:&quot;0&quot;,&quot;iso&quot;:&quot;0&quot;,&quot;shutter_speed&quot;:&quot;0&quot;,&quot;title&quot;:&quot;&quot;,&quot;orientation&quot;:&quot;0&quot;}\" data-image-title=\"IMG_20191224_132405\" data-image-description=\"\" data-image-caption=\"\" data-large-file=\"https:\/\/i0.wp.com\/deconinck.be\/wp-content\/uploads\/2020\/09\/IMG_20191224_132405.jpg?fit=577%2C433&amp;ssl=1\" data-recalc-dims=\"1\" class=\"aligncenter wp-image-2791 size-full\" src=\"https:\/\/i0.wp.com\/deconinck.be\/wp-content\/uploads\/2020\/09\/IMG_20191224_132405.jpg?resize=577%2C433&#038;ssl=1\" alt=\"\" width=\"577\" height=\"433\" srcset=\"https:\/\/i0.wp.com\/deconinck.be\/wp-content\/uploads\/2020\/09\/IMG_20191224_132405.jpg?w=577&amp;ssl=1 577w, https:\/\/i0.wp.com\/deconinck.be\/wp-content\/uploads\/2020\/09\/IMG_20191224_132405.jpg?resize=300%2C225&amp;ssl=1 300w, https:\/\/i0.wp.com\/deconinck.be\/wp-content\/uploads\/2020\/09\/IMG_20191224_132405.jpg?resize=400%2C300&amp;ssl=1 400w, https:\/\/i0.wp.com\/deconinck.be\/wp-content\/uploads\/2020\/09\/IMG_20191224_132405.jpg?resize=200%2C150&amp;ssl=1 200w\" sizes=\"(max-width: 577px) 100vw, 577px\" \/><\/figure>\t\t\t\t\t\t\t\t<\/div>\n\t\t\t\t<\/div>\n\t\t\t\t\t<\/div>\n\t\t<\/div>\n\t\t\t\t\t<\/div>\n\t\t<\/section>\n\t\t\t\t<section class=\"elementor-section elementor-top-section elementor-element elementor-element-25d36b2 elementor-section-boxed elementor-section-height-default elementor-section-height-default\" data-id=\"25d36b2\" data-element_type=\"section\" data-e-type=\"section\">\n\t\t\t\t\t\t<div class=\"elementor-container elementor-column-gap-default\">\n\t\t\t\t\t<div class=\"elementor-column elementor-col-50 elementor-top-column elementor-element elementor-element-9c99364\" data-id=\"9c99364\" data-element_type=\"column\" data-e-type=\"column\">\n\t\t\t<div class=\"elementor-widget-wrap elementor-element-populated\">\n\t\t\t\t\t\t<div class=\"elementor-element elementor-element-fa69b7c elementor-widget elementor-widget-text-editor\" data-id=\"fa69b7c\" data-element_type=\"widget\" data-e-type=\"widget\" data-widget_type=\"text-editor.default\">\n\t\t\t\t<div class=\"elementor-widget-container\">\n\t\t\t\t\t\t\t\t\t<p>Les chaudi\u00e8re \u00e0 vapeur STEAMBLOC de Deconinck-Wanson sont des chaudi\u00e8res \u00e0 trois passages de fum\u00e9e. Les gaz de combustion sont inject\u00e9es dans la chambre de combustion et dans la chambre d\u2019inversion (premier passage), ensuite dans la premi\u00e8re s\u00e9rie de tubes \u00e0 fum\u00e9e (deuxi\u00e8me passage) et enfin rejet\u00e9s vers la chemin\u00e9e via la deuxi\u00e8me s\u00e9rie de tubes \u00e0 fum\u00e9e (troisi\u00e8me passage).<\/p><p>Avec des capacit\u00e9s allant de 150 kg\/h \u00e0 30 000 kg\/h, ces chaudi\u00e8res couvrent la majeure partie du march\u00e9 de la vapeur. Si vous avez besoin d'une plus grande capacit\u00e9 de vapeur, plusieurs chaudi\u00e8res peuvent \u00eatre install\u00e9es en mode cascade.<\/p><p>Gr\u00e2ce \u00e0 leur construction robuste, ces chaudi\u00e8res sont tr\u00e8s stables et, avec un traitement de l'eau appropri\u00e9, ont une longue dur\u00e9e de vie.<\/p><p>Les plus grands avantages des chaudi\u00e8res \u00e0 vapeur STEAMBLOC :<\/p><ul><li>grande surface de chauffe<\/li><li>qualit\u00e9 constante de la vapeur<\/li><li>pression constante, avec un grand tampon pour les pics de vapeur<\/li><li>facile \u00e0 entretenir et \u00e0 utiliser<\/li><li>longue dur\u00e9e de vie<\/li><li>r\u00e9pond aux normes environnementales les plus strictes<\/li><\/ul>\t\t\t\t\t\t\t\t<\/div>\n\t\t\t\t<\/div>\n\t\t\t\t\t<\/div>\n\t\t<\/div>\n\t\t\t\t<div class=\"elementor-column elementor-col-50 elementor-top-column elementor-element elementor-element-c1281cf\" data-id=\"c1281cf\" data-element_type=\"column\" data-e-type=\"column\">\n\t\t\t<div class=\"elementor-widget-wrap elementor-element-populated\">\n\t\t\t\t\t\t<div class=\"elementor-element elementor-element-2fb3020 elementor-widget__width-inherit elementor-widget elementor-widget-image\" data-id=\"2fb3020\" data-element_type=\"widget\" data-e-type=\"widget\" data-widget_type=\"image.default\">\n\t\t\t\t<div class=\"elementor-widget-container\">\n\t\t\t\t\t\t\t\t\t\t\t\t\t\t\t<img decoding=\"async\" data-attachment-id=\"2901\" data-permalink=\"https:\/\/deconinck.be\/fr\/stoomketel-steambloc-deconinck\/steambloc-hh-samenstelling\/\" data-orig-file=\"https:\/\/i0.wp.com\/deconinck.be\/wp-content\/uploads\/2020\/12\/Steambloc-HH-samenstelling.jpg?fit=670%2C373&amp;ssl=1\" data-orig-size=\"670,373\" data-comments-opened=\"1\" data-image-meta=\"{&quot;aperture&quot;:&quot;0&quot;,&quot;credit&quot;:&quot;&quot;,&quot;camera&quot;:&quot;&quot;,&quot;caption&quot;:&quot;&quot;,&quot;created_timestamp&quot;:&quot;0&quot;,&quot;copyright&quot;:&quot;&quot;,&quot;focal_length&quot;:&quot;0&quot;,&quot;iso&quot;:&quot;0&quot;,&quot;shutter_speed&quot;:&quot;0&quot;,&quot;title&quot;:&quot;&quot;,&quot;orientation&quot;:&quot;0&quot;}\" data-image-title=\"Steambloc HH samenstelling\" data-image-description=\"\" data-image-caption=\"\" data-large-file=\"https:\/\/i0.wp.com\/deconinck.be\/wp-content\/uploads\/2020\/12\/Steambloc-HH-samenstelling.jpg?fit=670%2C373&amp;ssl=1\" width=\"670\" height=\"373\" src=\"https:\/\/i0.wp.com\/deconinck.be\/wp-content\/uploads\/2020\/12\/Steambloc-HH-samenstelling.jpg?fit=670%2C373&amp;ssl=1\" class=\"attachment-large size-large wp-image-2901\" alt=\"\" srcset=\"https:\/\/i0.wp.com\/deconinck.be\/wp-content\/uploads\/2020\/12\/Steambloc-HH-samenstelling.jpg?w=670&amp;ssl=1 670w, https:\/\/i0.wp.com\/deconinck.be\/wp-content\/uploads\/2020\/12\/Steambloc-HH-samenstelling.jpg?resize=300%2C167&amp;ssl=1 300w, https:\/\/i0.wp.com\/deconinck.be\/wp-content\/uploads\/2020\/12\/Steambloc-HH-samenstelling.jpg?resize=600%2C334&amp;ssl=1 600w\" sizes=\"(max-width: 670px) 100vw, 670px\" \/>\t\t\t\t\t\t\t\t\t\t\t\t\t\t\t<\/div>\n\t\t\t\t<\/div>\n\t\t\t\t\t<\/div>\n\t\t<\/div>\n\t\t\t\t\t<\/div>\n\t\t<\/section>\n\t\t\t\t<\/div>","protected":false},"excerpt":{"rendered":"<p>Steambloc\u00ae Deconinck-Wanson De Deconinck-Wanson STEAMBLOC stoomketels zijn drietrek vlampijpketels. De verbrandingsgassen worden ge\u00efnjecteerd in de verbrandingskamer (1ste trek), nadien in de eerste reeks rookgaspijpen (2de trek) en uiteindelijk afgevoerd naar de schoorsteen door middel van de 2de reeks rookgaspijpen (3de trek). Met capaciteiten van 150 kg\/h tot 30.000 kg\/h beantwoorden deze stoomketels aan het grootste [&hellip;]<\/p>\n","protected":false},"author":176138739,"featured_media":0,"parent":0,"menu_order":0,"comment_status":"closed","ping_status":"closed","template":"page-template\/blank-page-sidebar.php","meta":{"_coblocks_attr":"","_coblocks_dimensions":"","_coblocks_responsive_height":"","_coblocks_accordion_ie_support":"","_crdt_document":"","jetpack_post_was_ever_published":false,"footnotes":""},"class_list":["post-2850","page","type-page","status-publish","hentry"],"yoast_head":"<!-- This site is optimized with the Yoast SEO plugin v27.3 - https:\/\/yoast.com\/product\/yoast-seo-wordpress\/ -->\n<title>Steambloc\u00ae Stoomketel Deconinck - Deconinck<\/title>\n<meta name=\"robots\" content=\"index, follow, max-snippet:-1, max-image-preview:large, max-video-preview:-1\" \/>\n<link rel=\"canonical\" href=\"https:\/\/deconinck.be\/fr\/stoomketel-steambloc-deconinck\/\" \/>\n<meta property=\"og:locale\" content=\"fr_FR\" \/>\n<meta property=\"og:type\" content=\"article\" \/>\n<meta property=\"og:title\" content=\"Steambloc\u00ae Stoomketel Deconinck - Deconinck\" \/>\n<meta property=\"og:description\" content=\"Steambloc\u00ae Deconinck-Wanson De Deconinck-Wanson STEAMBLOC stoomketels zijn drietrek vlampijpketels. De verbrandingsgassen worden ge\u00efnjecteerd in de verbrandingskamer (1ste trek), nadien in de eerste reeks rookgaspijpen (2de trek) en uiteindelijk afgevoerd naar de schoorsteen door middel van de 2de reeks rookgaspijpen (3de trek). Met capaciteiten van 150 kg\/h tot 30.000 kg\/h beantwoorden deze stoomketels aan het grootste [&hellip;]\" \/>\n<meta property=\"og:url\" content=\"https:\/\/deconinck.be\/fr\/stoomketel-steambloc-deconinck\/\" \/>\n<meta property=\"og:site_name\" content=\"Deconinck\" \/>\n<meta property=\"article:publisher\" content=\"https:\/\/www.facebook.com\/DeconinckWanson\/\" \/>\n<meta property=\"article:modified_time\" content=\"2021-03-05T15:40:55+00:00\" \/>\n<meta property=\"og:image\" content=\"https:\/\/deconinck.be\/wp-content\/uploads\/2020\/09\/IMG_20191224_132405.jpg\" \/>\n<meta name=\"twitter:card\" content=\"summary_large_image\" \/>\n<meta name=\"twitter:label1\" content=\"Dur\u00e9e de lecture estim\u00e9e\" \/>\n\t<meta name=\"twitter:data1\" content=\"1 minute\" \/>\n<script type=\"application\/ld+json\" class=\"yoast-schema-graph\">{\"@context\":\"https:\\\/\\\/schema.org\",\"@graph\":[{\"@type\":\"WebPage\",\"@id\":\"https:\\\/\\\/deconinck.be\\\/stoomketel-steambloc-deconinck\\\/\",\"url\":\"https:\\\/\\\/deconinck.be\\\/stoomketel-steambloc-deconinck\\\/\",\"name\":\"Steambloc\u00ae Stoomketel Deconinck - Deconinck\",\"isPartOf\":{\"@id\":\"https:\\\/\\\/deconinck.be\\\/#website\"},\"primaryImageOfPage\":{\"@id\":\"https:\\\/\\\/deconinck.be\\\/stoomketel-steambloc-deconinck\\\/#primaryimage\"},\"image\":{\"@id\":\"https:\\\/\\\/deconinck.be\\\/stoomketel-steambloc-deconinck\\\/#primaryimage\"},\"thumbnailUrl\":\"https:\\\/\\\/deconinck.be\\\/wp-content\\\/uploads\\\/2020\\\/09\\\/IMG_20191224_132405.jpg\",\"datePublished\":\"2020-12-18T14:30:09+00:00\",\"dateModified\":\"2021-03-05T15:40:55+00:00\",\"breadcrumb\":{\"@id\":\"https:\\\/\\\/deconinck.be\\\/stoomketel-steambloc-deconinck\\\/#breadcrumb\"},\"inLanguage\":\"fr-FR\",\"potentialAction\":[{\"@type\":\"ReadAction\",\"target\":[\"https:\\\/\\\/deconinck.be\\\/stoomketel-steambloc-deconinck\\\/\"]}]},{\"@type\":\"ImageObject\",\"inLanguage\":\"fr-FR\",\"@id\":\"https:\\\/\\\/deconinck.be\\\/stoomketel-steambloc-deconinck\\\/#primaryimage\",\"url\":\"https:\\\/\\\/deconinck.be\\\/wp-content\\\/uploads\\\/2020\\\/09\\\/IMG_20191224_132405.jpg\",\"contentUrl\":\"https:\\\/\\\/deconinck.be\\\/wp-content\\\/uploads\\\/2020\\\/09\\\/IMG_20191224_132405.jpg\"},{\"@type\":\"BreadcrumbList\",\"@id\":\"https:\\\/\\\/deconinck.be\\\/stoomketel-steambloc-deconinck\\\/#breadcrumb\",\"itemListElement\":[{\"@type\":\"ListItem\",\"position\":1,\"name\":\"Home\",\"item\":\"https:\\\/\\\/deconinck.be\\\/\"},{\"@type\":\"ListItem\",\"position\":2,\"name\":\"Steambloc\u00ae Stoomketel Deconinck\"}]},{\"@type\":\"WebSite\",\"@id\":\"https:\\\/\\\/deconinck.be\\\/#website\",\"url\":\"https:\\\/\\\/deconinck.be\\\/\",\"name\":\"Deconinck\",\"description\":\"We Excel Under Pressure\",\"publisher\":{\"@id\":\"https:\\\/\\\/deconinck.be\\\/#organization\"},\"potentialAction\":[{\"@type\":\"SearchAction\",\"target\":{\"@type\":\"EntryPoint\",\"urlTemplate\":\"https:\\\/\\\/deconinck.be\\\/?s={search_term_string}\"},\"query-input\":{\"@type\":\"PropertyValueSpecification\",\"valueRequired\":true,\"valueName\":\"search_term_string\"}}],\"inLanguage\":\"fr-FR\"},{\"@type\":\"Organization\",\"@id\":\"https:\\\/\\\/deconinck.be\\\/#organization\",\"name\":\"Deconinck NV\",\"url\":\"https:\\\/\\\/deconinck.be\\\/\",\"logo\":{\"@type\":\"ImageObject\",\"inLanguage\":\"fr-FR\",\"@id\":\"https:\\\/\\\/deconinck.be\\\/#\\\/schema\\\/logo\\\/image\\\/\",\"url\":\"https:\\\/\\\/i0.wp.com\\\/deconinck.be\\\/wp-content\\\/uploads\\\/2019\\\/12\\\/lg_deconinck_wanson_RGB_72.jpg?fit=591%2C591&ssl=1\",\"contentUrl\":\"https:\\\/\\\/i0.wp.com\\\/deconinck.be\\\/wp-content\\\/uploads\\\/2019\\\/12\\\/lg_deconinck_wanson_RGB_72.jpg?fit=591%2C591&ssl=1\",\"width\":591,\"height\":591,\"caption\":\"Deconinck NV\"},\"image\":{\"@id\":\"https:\\\/\\\/deconinck.be\\\/#\\\/schema\\\/logo\\\/image\\\/\"},\"sameAs\":[\"https:\\\/\\\/www.facebook.com\\\/DeconinckWanson\\\/\",\"https:\\\/\\\/www.linkedin.com\\\/company\\\/11133549\\\/\"]}]}<\/script>\n<!-- \/ Yoast SEO plugin. -->","yoast_head_json":{"title":"Steambloc\u00ae Stoomketel Deconinck - Deconinck","robots":{"index":"index","follow":"follow","max-snippet":"max-snippet:-1","max-image-preview":"max-image-preview:large","max-video-preview":"max-video-preview:-1"},"canonical":"https:\/\/deconinck.be\/fr\/stoomketel-steambloc-deconinck\/","og_locale":"fr_FR","og_type":"article","og_title":"Steambloc\u00ae Stoomketel Deconinck - Deconinck","og_description":"Steambloc\u00ae Deconinck-Wanson De Deconinck-Wanson STEAMBLOC stoomketels zijn drietrek vlampijpketels. De verbrandingsgassen worden ge\u00efnjecteerd in de verbrandingskamer (1ste trek), nadien in de eerste reeks rookgaspijpen (2de trek) en uiteindelijk afgevoerd naar de schoorsteen door middel van de 2de reeks rookgaspijpen (3de trek). Met capaciteiten van 150 kg\/h tot 30.000 kg\/h beantwoorden deze stoomketels aan het grootste [&hellip;]","og_url":"https:\/\/deconinck.be\/fr\/stoomketel-steambloc-deconinck\/","og_site_name":"Deconinck","article_publisher":"https:\/\/www.facebook.com\/DeconinckWanson\/","article_modified_time":"2021-03-05T15:40:55+00:00","og_image":[{"url":"https:\/\/deconinck.be\/wp-content\/uploads\/2020\/09\/IMG_20191224_132405.jpg","type":"","width":"","height":""}],"twitter_card":"summary_large_image","twitter_misc":{"Dur\u00e9e de lecture estim\u00e9e":"1 minute"},"schema":{"@context":"https:\/\/schema.org","@graph":[{"@type":"WebPage","@id":"https:\/\/deconinck.be\/stoomketel-steambloc-deconinck\/","url":"https:\/\/deconinck.be\/stoomketel-steambloc-deconinck\/","name":"Steambloc\u00ae Stoomketel Deconinck - Deconinck","isPartOf":{"@id":"https:\/\/deconinck.be\/#website"},"primaryImageOfPage":{"@id":"https:\/\/deconinck.be\/stoomketel-steambloc-deconinck\/#primaryimage"},"image":{"@id":"https:\/\/deconinck.be\/stoomketel-steambloc-deconinck\/#primaryimage"},"thumbnailUrl":"https:\/\/deconinck.be\/wp-content\/uploads\/2020\/09\/IMG_20191224_132405.jpg","datePublished":"2020-12-18T14:30:09+00:00","dateModified":"2021-03-05T15:40:55+00:00","breadcrumb":{"@id":"https:\/\/deconinck.be\/stoomketel-steambloc-deconinck\/#breadcrumb"},"inLanguage":"fr-FR","potentialAction":[{"@type":"ReadAction","target":["https:\/\/deconinck.be\/stoomketel-steambloc-deconinck\/"]}]},{"@type":"ImageObject","inLanguage":"fr-FR","@id":"https:\/\/deconinck.be\/stoomketel-steambloc-deconinck\/#primaryimage","url":"https:\/\/deconinck.be\/wp-content\/uploads\/2020\/09\/IMG_20191224_132405.jpg","contentUrl":"https:\/\/deconinck.be\/wp-content\/uploads\/2020\/09\/IMG_20191224_132405.jpg"},{"@type":"BreadcrumbList","@id":"https:\/\/deconinck.be\/stoomketel-steambloc-deconinck\/#breadcrumb","itemListElement":[{"@type":"ListItem","position":1,"name":"Home","item":"https:\/\/deconinck.be\/"},{"@type":"ListItem","position":2,"name":"Steambloc\u00ae Stoomketel Deconinck"}]},{"@type":"WebSite","@id":"https:\/\/deconinck.be\/#website","url":"https:\/\/deconinck.be\/","name":"Deconinck","description":"We Excel Under Pressure","publisher":{"@id":"https:\/\/deconinck.be\/#organization"},"potentialAction":[{"@type":"SearchAction","target":{"@type":"EntryPoint","urlTemplate":"https:\/\/deconinck.be\/?s={search_term_string}"},"query-input":{"@type":"PropertyValueSpecification","valueRequired":true,"valueName":"search_term_string"}}],"inLanguage":"fr-FR"},{"@type":"Organization","@id":"https:\/\/deconinck.be\/#organization","name":"Deconinck NV","url":"https:\/\/deconinck.be\/","logo":{"@type":"ImageObject","inLanguage":"fr-FR","@id":"https:\/\/deconinck.be\/#\/schema\/logo\/image\/","url":"https:\/\/i0.wp.com\/deconinck.be\/wp-content\/uploads\/2019\/12\/lg_deconinck_wanson_RGB_72.jpg?fit=591%2C591&ssl=1","contentUrl":"https:\/\/i0.wp.com\/deconinck.be\/wp-content\/uploads\/2019\/12\/lg_deconinck_wanson_RGB_72.jpg?fit=591%2C591&ssl=1","width":591,"height":591,"caption":"Deconinck NV"},"image":{"@id":"https:\/\/deconinck.be\/#\/schema\/logo\/image\/"},"sameAs":["https:\/\/www.facebook.com\/DeconinckWanson\/","https:\/\/www.linkedin.com\/company\/11133549\/"]}]}},"jetpack_likes_enabled":true,"jetpack_sharing_enabled":true,"jetpack_shortlink":"https:\/\/wp.me\/PbuMWv-JY","amp_enabled":false,"_links":{"self":[{"href":"https:\/\/deconinck.be\/fr\/wp-json\/wp\/v2\/pages\/2850","targetHints":{"allow":["GET"]}}],"collection":[{"href":"https:\/\/deconinck.be\/fr\/wp-json\/wp\/v2\/pages"}],"about":[{"href":"https:\/\/deconinck.be\/fr\/wp-json\/wp\/v2\/types\/page"}],"author":[{"embeddable":true,"href":"https:\/\/deconinck.be\/fr\/wp-json\/wp\/v2\/users\/176138739"}],"replies":[{"embeddable":true,"href":"https:\/\/deconinck.be\/fr\/wp-json\/wp\/v2\/comments?post=2850"}],"version-history":[{"count":31,"href":"https:\/\/deconinck.be\/fr\/wp-json\/wp\/v2\/pages\/2850\/revisions"}],"predecessor-version":[{"id":3079,"href":"https:\/\/deconinck.be\/fr\/wp-json\/wp\/v2\/pages\/2850\/revisions\/3079"}],"wp:attachment":[{"href":"https:\/\/deconinck.be\/fr\/wp-json\/wp\/v2\/media?parent=2850"}],"curies":[{"name":"wp","href":"https:\/\/api.w.org\/{rel}","templated":true}]}}